{"id":93,"date":"2015-02-01T17:26:39","date_gmt":"2015-02-01T17:26:39","guid":{"rendered":"http:\/\/centrulvitalis.com\/hu\/?page_id=93"},"modified":"2022-01-17T18:03:16","modified_gmt":"2022-01-17T18:03:16","slug":"ajandekutalvanyok","status":"publish","type":"page","link":"https:\/\/centrulvitalis.com\/hu\/ajandekutalvanyok\/","title":{"rendered":"Aj\u00e1nd\u00e9kutalv\u00e1nyok"},"content":{"rendered":"<p><img loading=\"lazy\" decoding=\"async\" class=\"alignnone size-full wp-image-193\" src=\"http:\/\/centrulvitalis.com\/hu\/wp-content\/uploads\/2015\/02\/FB_ad_voucher-massage_v1.jpg\" alt=\"\" width=\"851\" height=\"365\" srcset=\"https:\/\/centrulvitalis.com\/hu\/wp-content\/uploads\/2015\/02\/FB_ad_voucher-massage_v1.jpg 851w, https:\/\/centrulvitalis.com\/hu\/wp-content\/uploads\/2015\/02\/FB_ad_voucher-massage_v1-300x129.jpg 300w, https:\/\/centrulvitalis.com\/hu\/wp-content\/uploads\/2015\/02\/FB_ad_voucher-massage_v1-768x329.jpg 768w\" sizes=\"auto, (max-width: 851px) 100vw, 851px\" \/><\/p>\n<p><em>\u00d6r\u00f6mel \u00e9rtes\u00edt\u00fcnk hogy egyedi \u00e9s k\u00fcl\u00f6nleges \u00a0aj\u00e1nd\u00e9kutalv\u00e1nyaink j\u00f3 lehet\u0151s\u00e9get biztos\u00edtanak arra, hogy \u00e9lm\u00e9nyt aj\u00e1nd\u00e9kozz szeretteidnek vagy \u00f6nmagadnak. Gondoskodj a testi-lelki felfriss\u00fcl\u00e9sr\u0151l, hogy eg\u00e9szs\u00e9gben \u00e9s harm\u00f3ni\u00e1ban legyen r\u00e9szetek \u00fagy az \u00fcnnepek, mint a h\u00e9tk\u00f6znapok sor\u00e1n. B\u00edzunk benne, hogy sz\u00e9lesk\u00f6r\u0171 \u00e9s v\u00e1ltozatos aj\u00e1nlatainkb\u00f3l megtal\u00e1lod a sz\u00e1modra legmegfelel\u0151bb v\u00e1laszt\u00e1st.\u00a0<\/em><\/p>\n<h3><span style=\"color: #993366;\"><strong>AJ\u00c1ND\u00c9KUTALV\u00c1NY RENDEL\u00c9SE: \u00a00745.915.022 valamint a 0741.735.443-as telefonsz\u00e1mokon, illetve a zsolt_ilyes@yahoo.com \u00e9s a regos.csaba@gmail.com e-mail c\u00edmeken!<\/strong><\/span><\/h3>\n<p><img loading=\"lazy\" decoding=\"async\" class=\"alignnone size-large wp-image-295\" src=\"http:\/\/centrulvitalis.com\/hu\/wp-content\/uploads\/2019\/12\/\u00d6sszes\u00edt\u0151-2-1024x438.png\" alt=\"\" width=\"604\" height=\"258\" srcset=\"https:\/\/centrulvitalis.com\/hu\/wp-content\/uploads\/2019\/12\/\u00d6sszes\u00edt\u0151-2-1024x438.png 1024w, https:\/\/centrulvitalis.com\/hu\/wp-content\/uploads\/2019\/12\/\u00d6sszes\u00edt\u0151-2-300x128.png 300w, https:\/\/centrulvitalis.com\/hu\/wp-content\/uploads\/2019\/12\/\u00d6sszes\u00edt\u0151-2-768x328.png 768w, https:\/\/centrulvitalis.com\/hu\/wp-content\/uploads\/2019\/12\/\u00d6sszes\u00edt\u0151-2.png 1268w\" sizes=\"auto, (max-width: 604px) 100vw, 604px\" \/><\/p>\n","protected":false},"excerpt":{"rendered":"<p>\u00d6r\u00f6mel \u00e9rtes\u00edt\u00fcnk hogy egyedi \u00e9s k\u00fcl\u00f6nleges \u00a0aj\u00e1nd\u00e9kutalv\u00e1nyaink j\u00f3 lehet\u0151s\u00e9get biztos\u00edtanak arra, hogy \u00e9lm\u00e9nyt aj\u00e1nd\u00e9kozz szeretteidnek vagy \u00f6nmagadnak. Gondoskodj a testi-lelki felfriss\u00fcl\u00e9sr\u0151l, hogy eg\u00e9szs\u00e9gben \u00e9s harm\u00f3ni\u00e1ban legyen r\u00e9szetek \u00fagy az \u00fcnnepek, mint a h\u00e9tk\u00f6znapok sor\u00e1n. B\u00edzunk benne, hogy sz\u00e9lesk\u00f6r\u0171 \u00e9s v\u00e1ltozatos aj\u00e1nlatainkb\u00f3l megtal\u00e1lod a sz\u00e1modra legmegfelel\u0151bb v\u00e1laszt\u00e1st.\u00a0 AJ\u00c1ND\u00c9KUTALV\u00c1NY RENDEL\u00c9SE: \u00a00745.915.022 valamint a 0741.735.443-as telefonsz\u00e1mokon, illetve a &hellip; <a href=\"https:\/\/centrulvitalis.com\/hu\/ajandekutalvanyok\/\" class=\"more-link\"><span class=\"screen-reader-text\">Aj\u00e1nd\u00e9kutalv\u00e1nyok<\/span> b\u0151vebben&#8230; <span class=\"meta-nav\">&rarr;<\/span><\/a><\/p>\n","protected":false},"author":1,"featured_media":0,"parent":0,"menu_order":0,"comment_status":"closed","ping_status":"closed","template":"","meta":{"footnotes":""},"class_list":["post-93","page","type-page","status-publish","hentry"],"_links":{"self":[{"href":"https:\/\/centrulvitalis.com\/hu\/wp-json\/wp\/v2\/pages\/93","targetHints":{"allow":["GET"]}}],"collection":[{"href":"https:\/\/centrulvitalis.com\/hu\/wp-json\/wp\/v2\/pages"}],"about":[{"href":"https:\/\/centrulvitalis.com\/hu\/wp-json\/wp\/v2\/types\/page"}],"author":[{"embeddable":true,"href":"https:\/\/centrulvitalis.com\/hu\/wp-json\/wp\/v2\/users\/1"}],"replies":[{"embeddable":true,"href":"https:\/\/centrulvitalis.com\/hu\/wp-json\/wp\/v2\/comments?post=93"}],"version-history":[{"count":2,"href":"https:\/\/centrulvitalis.com\/hu\/wp-json\/wp\/v2\/pages\/93\/revisions"}],"predecessor-version":[{"id":338,"href":"https:\/\/centrulvitalis.com\/hu\/wp-json\/wp\/v2\/pages\/93\/revisions\/338"}],"wp:attachment":[{"href":"https:\/\/centrulvitalis.com\/hu\/wp-json\/wp\/v2\/media?parent=93"}],"curies":[{"name":"wp","href":"https:\/\/api.w.org\/{rel}","templated":true}]}}