{"id":8,"date":"2015-01-28T19:41:36","date_gmt":"2015-01-28T19:41:36","guid":{"rendered":"http:\/\/centrulvitalis.com\/hu\/?page_id=8"},"modified":"2022-01-17T18:00:03","modified_gmt":"2022-01-17T18:00:03","slug":"idopont-foglalas","status":"publish","type":"page","link":"https:\/\/centrulvitalis.com\/hu\/idopont-foglalas\/","title":{"rendered":"Id\u0151pont foglal\u00e1s"},"content":{"rendered":"<p><strong>C\u00edm: Marosv\u00e1s\u00e1rhely, Ion Creang\u0103 utca 1. Sz\u00e1m<\/strong><\/p>\n<p><strong>Telefon:<\/strong> 0745.915.022<\/p>\n<p>Web: <a href=\"http:\/\/www.centrulvitalis.com\">www.centrulvitalis.com<\/a><\/p>\n<p><img loading=\"lazy\" decoding=\"async\" class=\"aligncenter size-full wp-image-89\" src=\"http:\/\/centrulvitalis.com\/hu\/wp-content\/uploads\/2015\/01\/Green-Leaves-with-Abstract-Wave-Background.jpg\" alt=\"\" width=\"794\" height=\"635\" srcset=\"https:\/\/centrulvitalis.com\/hu\/wp-content\/uploads\/2015\/01\/Green-Leaves-with-Abstract-Wave-Background.jpg 794w, https:\/\/centrulvitalis.com\/hu\/wp-content\/uploads\/2015\/01\/Green-Leaves-with-Abstract-Wave-Background-300x240.jpg 300w\" sizes=\"auto, (max-width: 794px) 100vw, 794px\" \/><\/p>\n","protected":false},"excerpt":{"rendered":"<p>C\u00edm: Marosv\u00e1s\u00e1rhely, Ion Creang\u0103 utca 1. Sz\u00e1m Telefon: 0745.915.022 Web: www.centrulvitalis.com<\/p>\n","protected":false},"author":1,"featured_media":0,"parent":0,"menu_order":0,"comment_status":"closed","ping_status":"closed","template":"","meta":{"footnotes":""},"class_list":["post-8","page","type-page","status-publish","hentry"],"_links":{"self":[{"href":"https:\/\/centrulvitalis.com\/hu\/wp-json\/wp\/v2\/pages\/8","targetHints":{"allow":["GET"]}}],"collection":[{"href":"https:\/\/centrulvitalis.com\/hu\/wp-json\/wp\/v2\/pages"}],"about":[{"href":"https:\/\/centrulvitalis.com\/hu\/wp-json\/wp\/v2\/types\/page"}],"author":[{"embeddable":true,"href":"https:\/\/centrulvitalis.com\/hu\/wp-json\/wp\/v2\/users\/1"}],"replies":[{"embeddable":true,"href":"https:\/\/centrulvitalis.com\/hu\/wp-json\/wp\/v2\/comments?post=8"}],"version-history":[{"count":1,"href":"https:\/\/centrulvitalis.com\/hu\/wp-json\/wp\/v2\/pages\/8\/revisions"}],"predecessor-version":[{"id":337,"href":"https:\/\/centrulvitalis.com\/hu\/wp-json\/wp\/v2\/pages\/8\/revisions\/337"}],"wp:attachment":[{"href":"https:\/\/centrulvitalis.com\/hu\/wp-json\/wp\/v2\/media?parent=8"}],"curies":[{"name":"wp","href":"https:\/\/api.w.org\/{rel}","templated":true}]}}