{"id":10,"date":"2023-06-01T19:41:50","date_gmt":"2023-06-01T19:41:50","guid":{"rendered":"http:\/\/centrulvitalis.com\/hu\/?page_id=10"},"modified":"2025-01-30T21:14:16","modified_gmt":"2025-01-30T21:14:16","slug":"arak","status":"publish","type":"page","link":"https:\/\/centrulvitalis.com\/hu\/arak\/","title":{"rendered":"Szolg\u00e1ltat\u00e1sok d\u00edjai"},"content":{"rendered":"<p align=\"center\"><span style=\"font-size: xx-large;\"><i><u><b>Szolg\u00e1ltat\u00e1saink d\u00edjai<br \/>\n<\/b><\/u><\/i><\/span><span style=\"font-size: xx-large;\"><span lang=\"en-US\"><i><u><b>2025<\/b><\/u><\/i><\/span><\/span><span style=\"font-size: xx-large;\"><span lang=\"en-US\"><i><u><b>.01<\/b><\/u><\/i><\/span><\/span><span style=\"font-size: xx-large;\"><span lang=\"en-US\"><i><u><b>.<\/b><\/u><\/i><\/span><\/span><span style=\"font-size: xx-large;\"><span lang=\"en-US\"><i><u><b>0<\/b><\/u><\/i><\/span><\/span><span style=\"font-size: xx-large;\"><span lang=\"en-US\"><i><u><b>1<\/b><\/u><\/i><\/span><\/span><span style=\"font-size: xx-large;\"><i><u><b>-t\u0151l kezd\u0151d\u0151en<\/b><\/u><\/i><\/span><\/p>\n<p align=\"justify\"><span style=\"font-size: large;\"><span lang=\"en-US\"><i><b>\u00c1LLAPOTFELM\u00c9R\u00c9S:<\/b><\/i><\/span><\/span><\/p>\n<p align=\"justify\"><span style=\"font-size: large;\"><u>Pszichoszomatikai \u00e1llapot felm\u00e9r\u00e9s, stressz faktorok beazonos\u00edt\u00e1sa, t\u00fcnet szimbolika, szem\u00e9lyre sz\u00f3l\u00f3 tan\u00e1csad\u00e1s, gy\u00f3gyn\u00f6v\u00e9nyes ter\u00e1pi\u00e1s aj\u00e1nl\u00e1s:<\/u><\/span><\/p>\n<ul>\n<li>\n<p align=\"justify\"><span style=\"font-size: medium;\"><span lang=\"en-US\"><i>300<\/i><\/span><\/span><span style=\"font-size: medium;\"><i>\u00a0RON\/ <\/i><\/span><span style=\"font-size: medium;\"><span lang=\"en-US\"><i>els\u0151 <\/i><\/span><\/span><span style=\"font-size: medium;\"><span lang=\"ro-RO\"><i>alkalom &#8211; <\/i><\/span><\/span><span style=\"font-size: medium;\"><span lang=\"en-US\"><i>90<\/i><\/span><\/span><span style=\"font-size: medium;\"><span lang=\"ro-RO\"><i> perc <\/i><\/span><\/span><span style=\"font-size: medium;\"><span lang=\"en-US\"><i>(<\/i><\/span><\/span><span style=\"font-size: medium;\"><span lang=\"en-US\"><i>vegetativ idegrendszer<\/i><\/span><\/span><i> <\/i><span style=\"font-size: medium;\"><span lang=\"hu-HU\"><i>\u00e9s stresszfaktorok<\/i><\/span><\/span><i> <\/i><span style=\"font-size: medium;\"><span lang=\"en-US\"><i>SCIO <\/i><\/span><\/span><span style=\"font-size: medium;\"><span lang=\"en-US\"><i>g\u00e9ppel t\u00f6rt\u00e9n\u0151<\/i><\/span><\/span><i> <\/i><span style=\"font-size: medium;\"><span lang=\"hu-HU\"><i>felm\u00e9r\u00e9s<\/i><\/span><\/span><span style=\"font-size: medium;\"><span lang=\"ro-RO\"><i>e<\/i><\/span><\/span><i> <\/i><span style=\"font-size: medium;\"><span lang=\"en-US\"><i>eset\u00e9n <\/i><\/span><\/span><span style=\"font-size: medium;\"><span lang=\"en-US\"><i> 350 <\/i><\/span><\/span><span style=\"font-size: medium;\"><span lang=\"en-US\"><i>RON )<\/i><\/span><\/span><\/p>\n<\/li>\n<\/ul>\n<ul>\n<li>\n<p align=\"justify\"><span style=\"font-size: medium;\">Kontroll vizsg\u00e1lat:<\/span> <span style=\"font-size: medium;\"><span lang=\"en-US\">200<\/span><\/span><i> <\/i><span style=\"font-size: medium;\"><i>RON\/alkalom &#8211; 60 perc<\/i><\/span><\/p>\n<\/li>\n<li>Online tan\u00e1csad\u00e1s, online fizet\u00e9ssel: <a href=\"https:\/\/getvig.health\/medic\/dr-zsolt-ilyes\/\">Dr. Zsolt Ily\u00e9s | Getvig.Health | Consultatii Medicale Online<\/a><\/li>\n<\/ul>\n<p align=\"justify\"><span style=\"font-size: large;\"><i><b>KEZEL\u00c9SEK:<\/b><\/i><\/span><\/p>\n<p align=\"justify\"><span style=\"font-size: large;\"><u>1. <\/u><\/span><span style=\"font-size: large;\"><span lang=\"en-US\"><u>P<\/u><\/span><\/span><span style=\"font-size: large;\"><u>szichoszomatikai tan\u00e1csad\u00e1s, <\/u><\/span><span style=\"font-size: large;\"><span lang=\"en-US\"><u>s<\/u><\/span><\/span><span style=\"font-size: large;\"><u>tressz <\/u><\/span><span style=\"font-size: large;\"><u>kezel\u00e9s<\/u><\/span><span style=\"font-size: large;\"><u>,\u00a0burn out prevenci\u00f3, egy\u00e9ni relax\u00e1ci\u00f3s,<\/u><\/span><u> <\/u><span style=\"font-size: large;\"><span lang=\"hu-HU\"><u>l\u00e9gz\u00e9s <\/u><\/span><\/span><span style=\"font-size: large;\"><span lang=\"hu-HU\"><u>\u00e9s<\/u><\/span><\/span><u> <\/u><span style=\"font-size: large;\"><span lang=\"hu-HU\"><u>medit\u00e1ci\u00f3s<\/u><\/span><\/span><span style=\"font-size: large;\"><u> technik\u00e1k<\/u><\/span><\/p>\n<ul>\n<li>\n<p align=\"justify\"><span style=\"font-size: medium;\"><span lang=\"en-US\"><i>250 <\/i><\/span><\/span><span style=\"font-size: medium;\"><i>RON\/alkalom &#8211; 60 perc\u00a0<\/i><\/span><\/p>\n<\/li>\n<li>\n<p align=\"justify\"><span style=\"font-size: medium;\">Csoportos stressz kezel\u0151 foglalkoz\u00e1s keret\u00e9ben (min. 5 f\u0151)<\/span><\/p>\n<ul>\n<li>\n<p align=\"justify\"><span style=\"font-size: medium;\"><i>100<\/i><\/span><span style=\"font-size: medium;\"><i> RON\/alkalom\/f\u0151 &#8211; 60 perc<\/i><\/span><\/p>\n<\/li>\n<\/ul>\n<\/li>\n<\/ul>\n<p align=\"justify\"><span style=\"font-size: large;\"><u>2.\u00a0 Peter Hess &#8211; hangmassz\u00e1zs (vibroakusztikus ter\u00e1pia pszichoszomatikai t\u00fcnetek cs\u00f6kkent\u00e9s\u00e9re, illetve megel\u0151z\u00e9s\u00e9re)<\/u><\/span><\/p>\n<ul>\n<li>\n<p align=\"justify\"><span style=\"font-size: medium;\"><span lang=\"en-US\"><i>18<\/i><\/span><\/span><span style=\"font-size: medium;\"><span lang=\"en-US\"><i>0<\/i><\/span><\/span><span style=\"font-size: medium;\"><i> RON\/alkalom &#8211; 50 perc<\/i><\/span><\/p>\n<\/li>\n<li>\n<p align=\"justify\"><span style=\"font-size: medium;\"><i>Tandem kezel\u00e9s 2 szem\u00e9ly r\u00e9sz\u00e9re: 250 Ron\/<\/i><\/span><span style=\"font-size: medium;\"><span lang=\"ro-RO\"><i>alkalom -60 perc<\/i><\/span><\/span><\/p>\n<p align=\"justify\">\n<\/li>\n<\/ul>\n<p align=\"justify\"><span style=\"font-size: large;\"><u>3.\u00a0Keleti tradicion\u00e1lis relax\u00e1l\u00f3-energiz\u00e1l\u00f3 m\u00f3dszerek:\u00a0<\/u><\/span><\/p>\n<ul>\n<li>\n<p align=\"justify\"><span style=\"font-size: medium;\">Tradicion\u00e1lis\u00a0<\/span> <span style=\"font-size: medium;\">nep\u00e1li hangt\u00e1l ter\u00e1pia, eredeti nep\u00e1li eszk\u00f6z\u00f6kkel<\/span><\/p>\n<ul>\n<li>\n<p align=\"justify\"><span style=\"font-size: medium;\"><span lang=\"en-US\"><i>18<\/i><\/span><\/span><span style=\"font-size: medium;\"><span lang=\"en-US\"><i>0<\/i><\/span><\/span><span style=\"font-size: medium;\"><i> Ron<\/i><\/span><span style=\"font-size: medium;\"><span lang=\"ro-RO\"><i>\/<\/i><\/span><\/span><span style=\"font-size: medium;\"><span lang=\"en-US\"><i>alkalom \u2013 <\/i><\/span><\/span><span style=\"font-size: medium;\"><span lang=\"ro-RO\"><i>50 <\/i><\/span><\/span><span style=\"font-size: medium;\"><span lang=\"en-US\"><i>perc<\/i><\/span><\/span><\/p>\n<\/li>\n<\/ul>\n<\/li>\n<li>\n<p align=\"justify\"><span style=\"font-size: medium;\">Tradicion\u00e1lis jap\u00e1n Reiki Usui Shiki Ryoho m\u00f3dszer<\/span><\/p>\n<ul>\n<li>\n<p align=\"justify\"><span style=\"font-size: medium;\"><i>1<\/i><\/span><span style=\"font-size: medium;\"><span lang=\"en-US\"><i>50<\/i><\/span><\/span><span style=\"font-size: medium;\"><i> Ron\/alkalom &#8211; <\/i><\/span><span style=\"font-size: medium;\"><span lang=\"ro-RO\"><i>5<\/i><\/span><\/span><span style=\"font-size: medium;\"><i>0 perc<\/i><\/span><\/p>\n<\/li>\n<\/ul>\n<\/li>\n<\/ul>\n<p align=\"justify\"><a name=\"_GoBack\"><\/a> <span style=\"font-size: large;\"><u>4. Biofeedback stressz kezel\u00e9s (Transcutan Electric Nerval Stimulation- TENS) (Auton\u00f3m idegrendszer edz\u00e9se- SCIO)<\/u><\/span><\/p>\n<ul>\n<li>\n<p align=\"justify\"><span style=\"font-size: medium;\"><i>200 RON\/alkalom &#8211; 60 perc<\/i><\/span><\/p>\n<p align=\"justify\">\n<\/li>\n<\/ul>\n","protected":false},"excerpt":{"rendered":"<p>Szolg\u00e1ltat\u00e1saink d\u00edjai 2025.01.01-t\u0151l kezd\u0151d\u0151en \u00c1LLAPOTFELM\u00c9R\u00c9S: Pszichoszomatikai \u00e1llapot felm\u00e9r\u00e9s, stressz faktorok beazonos\u00edt\u00e1sa, t\u00fcnet szimbolika, szem\u00e9lyre sz\u00f3l\u00f3 tan\u00e1csad\u00e1s, gy\u00f3gyn\u00f6v\u00e9nyes ter\u00e1pi\u00e1s aj\u00e1nl\u00e1s: 300\u00a0RON\/ els\u0151 alkalom &#8211; 90 perc (vegetativ idegrendszer \u00e9s stresszfaktorok SCIO g\u00e9ppel t\u00f6rt\u00e9n\u0151 felm\u00e9r\u00e9se eset\u00e9n 350 RON ) Kontroll vizsg\u00e1lat: 200 RON\/alkalom &#8211; 60 perc Online tan\u00e1csad\u00e1s, online fizet\u00e9ssel: Dr. Zsolt Ily\u00e9s | Getvig.Health | Consultatii &hellip; <a href=\"https:\/\/centrulvitalis.com\/hu\/arak\/\" class=\"more-link\"><span class=\"screen-reader-text\">Szolg\u00e1ltat\u00e1sok d\u00edjai<\/span> b\u0151vebben&#8230; <span class=\"meta-nav\">&rarr;<\/span><\/a><\/p>\n","protected":false},"author":1,"featured_media":0,"parent":0,"menu_order":0,"comment_status":"closed","ping_status":"closed","template":"","meta":{"footnotes":""},"class_list":["post-10","page","type-page","status-publish","hentry"],"_links":{"self":[{"href":"https:\/\/centrulvitalis.com\/hu\/wp-json\/wp\/v2\/pages\/10","targetHints":{"allow":["GET"]}}],"collection":[{"href":"https:\/\/centrulvitalis.com\/hu\/wp-json\/wp\/v2\/pages"}],"about":[{"href":"https:\/\/centrulvitalis.com\/hu\/wp-json\/wp\/v2\/types\/page"}],"author":[{"embeddable":true,"href":"https:\/\/centrulvitalis.com\/hu\/wp-json\/wp\/v2\/users\/1"}],"replies":[{"embeddable":true,"href":"https:\/\/centrulvitalis.com\/hu\/wp-json\/wp\/v2\/comments?post=10"}],"version-history":[{"count":1,"href":"https:\/\/centrulvitalis.com\/hu\/wp-json\/wp\/v2\/pages\/10\/revisions"}],"predecessor-version":[{"id":377,"href":"https:\/\/centrulvitalis.com\/hu\/wp-json\/wp\/v2\/pages\/10\/revisions\/377"}],"wp:attachment":[{"href":"https:\/\/centrulvitalis.com\/hu\/wp-json\/wp\/v2\/media?parent=10"}],"curies":[{"name":"wp","href":"https:\/\/api.w.org\/{rel}","templated":true}]}}